{"id":78,"date":"2014-03-05T21:30:02","date_gmt":"2014-03-05T20:30:02","guid":{"rendered":"http:\/\/www.bart-en-alexandra.nl\/?page_id=78"},"modified":"2016-11-21T21:29:37","modified_gmt":"2016-11-21T20:29:37","slug":"vlinders-en-orchideeen","status":"publish","type":"page","link":"https:\/\/www.bartkiekt.nl\/?page_id=78","title":{"rendered":"Vlinders en Orchidee\u00ebn"},"content":{"rendered":"<p>Orchidee\u00ebn Hoeve (Luttelgeest)<\/p>\n<p>Bart is met een aantal andere leden van de fotoclub naar de Orchidee\u00ebn Hoeve (vergeef ons de &#8216;engelse ziekte&#8217;, ze hebben de bedrijfsnaam m\u00e9t overbodige spatie zo vastgelegd) in Luttelgeest gegaan. Er is natuurlijk de enorme orchidee\u00ebnkwekerij, maar er zijn ook ruimten waar jungles nagebootst waar prachtige vlinders rondvliegen, koi gulzig op voer wachten (\u00e1 0,50 Euro per portie\u2026 zorg dat je een aantal losse euro&#8217;s bij je hebt voor meer van dit soort mogelijkheden om dicht bij dieren te kunnen komen), vogels rondvliegen en natuurlijk heel veel mooie planten staan. Al moet eerlijkheidshalve vermeld worden dat de eerste attractie het restaurant was, want de heren hadden na een flinke rit vooral grote behoefte aan koffie.<\/p>\n<p>Bij de diverse fotorondes heeft Bart vooral gespeeld met scherpte-diepte. Dat levert vaak leuke effecten op. De twee zoomlenzen zijn nauwelijks gebruikt, die waren meegenomen voor het geval er teveel afstand zou zijn tussen het gewenste fotomodel en de camera.<\/p>\n<p>Neem ruim de tijd, want de luchtvochtigheid in de ruimten is erg hoog. Het duurt een hele tijd voordat de lenzen allemaal geacclimatiseerd zijn. Al zou je daar mooi mee kunnen spelen en mysterieuze effecten proberen te bereiken\u2026<\/p>\n<p>Orchidee\u00ebn<\/p>\n<div id='gallery-1' class='gallery galleryid-78 gallery-columns-4 gallery-size-thumbnail'><figure class='gallery-item'>\n\t\t\t<div class='gallery-icon landscape'>\n\t\t\t\t<a href='https:\/\/www.bartkiekt.nl\/?attachment_id=229'><img loading=\"lazy\" decoding=\"async\" width=\"150\" height=\"150\" src=\"https:\/\/www.bartkiekt.nl\/wp-content\/uploads\/2014\/05\/00-Vlindertuin_071-150x150.jpg\" class=\"attachment-thumbnail size-thumbnail\" alt=\"\" srcset=\"https:\/\/www.bartkiekt.nl\/wp-content\/uploads\/2014\/05\/00-Vlindertuin_071-150x150.jpg 150w, https:\/\/www.bartkiekt.nl\/wp-content\/uploads\/2014\/05\/00-Vlindertuin_071-300x300.jpg 300w, https:\/\/www.bartkiekt.nl\/wp-content\/uploads\/2014\/05\/00-Vlindertuin_071.jpg 1024w\" sizes=\"auto, 100vw\" \/><\/a>\n\t\t\t<\/div><\/figure><figure class='gallery-item'>\n\t\t\t<div class='gallery-icon landscape'>\n\t\t\t\t<a href='https:\/\/www.bartkiekt.nl\/?attachment_id=230'><img loading=\"lazy\" decoding=\"async\" width=\"150\" height=\"150\" src=\"https:\/\/www.bartkiekt.nl\/wp-content\/uploads\/2014\/05\/01-Vlindertuin_083-150x150.jpg\" class=\"attachment-thumbnail size-thumbnail\" alt=\"\" sizes=\"auto, 100vw\" \/><\/a>\n\t\t\t<\/div><\/figure><figure class='gallery-item'>\n\t\t\t<div class='gallery-icon landscape'>\n\t\t\t\t<a href='https:\/\/www.bartkiekt.nl\/?attachment_id=231'><img loading=\"lazy\" decoding=\"async\" width=\"150\" height=\"150\" src=\"https:\/\/www.bartkiekt.nl\/wp-content\/uploads\/2014\/05\/02-Vlindertuin_120-150x150.jpg\" class=\"attachment-thumbnail size-thumbnail\" alt=\"\" srcset=\"https:\/\/www.bartkiekt.nl\/wp-content\/uploads\/2014\/05\/02-Vlindertuin_120-150x150.jpg 150w, https:\/\/www.bartkiekt.nl\/wp-content\/uploads\/2014\/05\/02-Vlindertuin_120-300x300.jpg 300w, https:\/\/www.bartkiekt.nl\/wp-content\/uploads\/2014\/05\/02-Vlindertuin_120.jpg 1024w\" sizes=\"auto, 100vw\" \/><\/a>\n\t\t\t<\/div><\/figure><figure class='gallery-item'>\n\t\t\t<div class='gallery-icon landscape'>\n\t\t\t\t<a href='https:\/\/www.bartkiekt.nl\/?attachment_id=232'><img loading=\"lazy\" decoding=\"async\" width=\"150\" height=\"150\" src=\"https:\/\/www.bartkiekt.nl\/wp-content\/uploads\/2014\/05\/03-Vlindertuin_084-150x150.jpg\" class=\"attachment-thumbnail size-thumbnail\" alt=\"\" sizes=\"auto, 100vw\" \/><\/a>\n\t\t\t<\/div><\/figure>\n\t\t<\/div>\n\n<p>Vlinders<\/p>\n<div id='gallery-2' class='gallery galleryid-78 gallery-columns-4 gallery-size-thumbnail'><figure class='gallery-item'>\n\t\t\t<div class='gallery-icon landscape'>\n\t\t\t\t<a href='https:\/\/www.bartkiekt.nl\/?attachment_id=233'><img loading=\"lazy\" decoding=\"async\" width=\"150\" height=\"150\" src=\"https:\/\/www.bartkiekt.nl\/wp-content\/uploads\/2014\/05\/20-Vlindertuin_025-150x150.jpg\" class=\"attachment-thumbnail size-thumbnail\" alt=\"\" srcset=\"https:\/\/www.bartkiekt.nl\/wp-content\/uploads\/2014\/05\/20-Vlindertuin_025-150x150.jpg 150w, https:\/\/www.bartkiekt.nl\/wp-content\/uploads\/2014\/05\/20-Vlindertuin_025-300x300.jpg 300w, https:\/\/www.bartkiekt.nl\/wp-content\/uploads\/2014\/05\/20-Vlindertuin_025.jpg 1024w\" sizes=\"auto, 100vw\" \/><\/a>\n\t\t\t<\/div><\/figure><figure class='gallery-item'>\n\t\t\t<div class='gallery-icon landscape'>\n\t\t\t\t<a href='https:\/\/www.bartkiekt.nl\/?attachment_id=234'><img loading=\"lazy\" decoding=\"async\" width=\"150\" height=\"150\" src=\"https:\/\/www.bartkiekt.nl\/wp-content\/uploads\/2014\/05\/21-Vlindertuin_022-150x150.jpg\" class=\"attachment-thumbnail size-thumbnail\" alt=\"\" sizes=\"auto, 100vw\" \/><\/a>\n\t\t\t<\/div><\/figure><figure class='gallery-item'>\n\t\t\t<div class='gallery-icon landscape'>\n\t\t\t\t<a href='https:\/\/www.bartkiekt.nl\/?attachment_id=235'><img loading=\"lazy\" decoding=\"async\" width=\"150\" height=\"150\" src=\"https:\/\/www.bartkiekt.nl\/wp-content\/uploads\/2014\/05\/22-Vlindertuin_052-150x150.jpg\" class=\"attachment-thumbnail size-thumbnail\" alt=\"\" sizes=\"auto, 100vw\" \/><\/a>\n\t\t\t<\/div><\/figure><figure class='gallery-item'>\n\t\t\t<div class='gallery-icon landscape'>\n\t\t\t\t<a href='https:\/\/www.bartkiekt.nl\/?attachment_id=236'><img loading=\"lazy\" decoding=\"async\" width=\"150\" height=\"150\" src=\"https:\/\/www.bartkiekt.nl\/wp-content\/uploads\/2014\/05\/23-Vlindertuin_022-2-150x150.jpg\" class=\"attachment-thumbnail size-thumbnail\" alt=\"\" sizes=\"auto, 100vw\" \/><\/a>\n\t\t\t<\/div><\/figure><figure class='gallery-item'>\n\t\t\t<div class='gallery-icon landscape'>\n\t\t\t\t<a href='https:\/\/www.bartkiekt.nl\/?attachment_id=237'><img loading=\"lazy\" decoding=\"async\" width=\"150\" height=\"150\" src=\"https:\/\/www.bartkiekt.nl\/wp-content\/uploads\/2014\/05\/24-Vlindertuin_015-150x150.jpg\" class=\"attachment-thumbnail size-thumbnail\" alt=\"\" sizes=\"auto, 100vw\" \/><\/a>\n\t\t\t<\/div><\/figure><figure class='gallery-item'>\n\t\t\t<div class='gallery-icon landscape'>\n\t\t\t\t<a href='https:\/\/www.bartkiekt.nl\/?attachment_id=238'><img loading=\"lazy\" decoding=\"async\" width=\"150\" height=\"150\" src=\"https:\/\/www.bartkiekt.nl\/wp-content\/uploads\/2014\/05\/25-Vlindertuin_038-150x150.jpg\" class=\"attachment-thumbnail size-thumbnail\" alt=\"\" srcset=\"https:\/\/www.bartkiekt.nl\/wp-content\/uploads\/2014\/05\/25-Vlindertuin_038-150x150.jpg 150w, https:\/\/www.bartkiekt.nl\/wp-content\/uploads\/2014\/05\/25-Vlindertuin_038-300x300.jpg 300w, https:\/\/www.bartkiekt.nl\/wp-content\/uploads\/2014\/05\/25-Vlindertuin_038.jpg 1024w\" sizes=\"auto, 100vw\" \/><\/a>\n\t\t\t<\/div><\/figure><figure class='gallery-item'>\n\t\t\t<div class='gallery-icon landscape'>\n\t\t\t\t<a href='https:\/\/www.bartkiekt.nl\/?attachment_id=239'><img loading=\"lazy\" decoding=\"async\" width=\"150\" height=\"150\" src=\"https:\/\/www.bartkiekt.nl\/wp-content\/uploads\/2014\/05\/26-Vlindertuin_029-150x150.jpg\" class=\"attachment-thumbnail size-thumbnail\" alt=\"\" sizes=\"auto, 100vw\" \/><\/a>\n\t\t\t<\/div><\/figure><figure class='gallery-item'>\n\t\t\t<div class='gallery-icon landscape'>\n\t\t\t\t<a href='https:\/\/www.bartkiekt.nl\/?attachment_id=240'><img loading=\"lazy\" decoding=\"async\" width=\"150\" height=\"150\" src=\"https:\/\/www.bartkiekt.nl\/wp-content\/uploads\/2014\/05\/27-Vlindertuin_078-150x150.jpg\" class=\"attachment-thumbnail size-thumbnail\" alt=\"\" srcset=\"https:\/\/www.bartkiekt.nl\/wp-content\/uploads\/2014\/05\/27-Vlindertuin_078-150x150.jpg 150w, https:\/\/www.bartkiekt.nl\/wp-content\/uploads\/2014\/05\/27-Vlindertuin_078-300x300.jpg 300w, https:\/\/www.bartkiekt.nl\/wp-content\/uploads\/2014\/05\/27-Vlindertuin_078.jpg 1024w\" sizes=\"auto, 100vw\" \/><\/a>\n\t\t\t<\/div><\/figure>\n\t\t<\/div>\n\n<p>Andere planten<\/p>\n<div id='gallery-3' class='gallery galleryid-78 gallery-columns-5 gallery-size-thumbnail'><figure class='gallery-item'>\n\t\t\t<div class='gallery-icon portrait'>\n\t\t\t\t<a href='https:\/\/www.bartkiekt.nl\/?attachment_id=241'><img loading=\"lazy\" decoding=\"async\" width=\"150\" height=\"150\" src=\"https:\/\/www.bartkiekt.nl\/wp-content\/uploads\/2014\/05\/40-Vlindertuin_098-150x150.jpg\" class=\"attachment-thumbnail size-thumbnail\" alt=\"\" sizes=\"auto, 100vw\" \/><\/a>\n\t\t\t<\/div><\/figure><figure class='gallery-item'>\n\t\t\t<div class='gallery-icon landscape'>\n\t\t\t\t<a href='https:\/\/www.bartkiekt.nl\/?attachment_id=242'><img loading=\"lazy\" decoding=\"async\" width=\"150\" height=\"150\" src=\"https:\/\/www.bartkiekt.nl\/wp-content\/uploads\/2014\/05\/41-Vlindertuin_116-150x150.jpg\" class=\"attachment-thumbnail size-thumbnail\" alt=\"\" sizes=\"auto, 100vw\" \/><\/a>\n\t\t\t<\/div><\/figure><figure class='gallery-item'>\n\t\t\t<div class='gallery-icon landscape'>\n\t\t\t\t<a href='https:\/\/www.bartkiekt.nl\/?attachment_id=243'><img loading=\"lazy\" decoding=\"async\" width=\"150\" height=\"150\" src=\"https:\/\/www.bartkiekt.nl\/wp-content\/uploads\/2014\/05\/42-Vlindertuin_095-150x150.jpg\" class=\"attachment-thumbnail size-thumbnail\" alt=\"\" srcset=\"https:\/\/www.bartkiekt.nl\/wp-content\/uploads\/2014\/05\/42-Vlindertuin_095-150x150.jpg 150w, https:\/\/www.bartkiekt.nl\/wp-content\/uploads\/2014\/05\/42-Vlindertuin_095-300x300.jpg 300w, https:\/\/www.bartkiekt.nl\/wp-content\/uploads\/2014\/05\/42-Vlindertuin_095.jpg 1024w\" sizes=\"auto, 100vw\" \/><\/a>\n\t\t\t<\/div><\/figure><figure class='gallery-item'>\n\t\t\t<div class='gallery-icon landscape'>\n\t\t\t\t<a href='https:\/\/www.bartkiekt.nl\/?attachment_id=244'><img loading=\"lazy\" decoding=\"async\" width=\"150\" height=\"150\" src=\"https:\/\/www.bartkiekt.nl\/wp-content\/uploads\/2014\/05\/43-Vlindertuin_094-150x150.jpg\" class=\"attachment-thumbnail size-thumbnail\" alt=\"\" sizes=\"auto, 100vw\" \/><\/a>\n\t\t\t<\/div><\/figure><figure class='gallery-item'>\n\t\t\t<div class='gallery-icon portrait'>\n\t\t\t\t<a href='https:\/\/www.bartkiekt.nl\/?attachment_id=245'><img loading=\"lazy\" decoding=\"async\" width=\"150\" height=\"150\" src=\"https:\/\/www.bartkiekt.nl\/wp-content\/uploads\/2014\/05\/44-Vlindertuin_099-150x150.jpg\" class=\"attachment-thumbnail size-thumbnail\" alt=\"\" sizes=\"auto, 100vw\" \/><\/a>\n\t\t\t<\/div><\/figure>\n\t\t<\/div>\n\n<p>Andere dieren<\/p>\n<div id='gallery-4' class='gallery galleryid-78 gallery-columns-4 gallery-size-thumbnail'><figure class='gallery-item'>\n\t\t\t<div class='gallery-icon landscape'>\n\t\t\t\t<a href='https:\/\/www.bartkiekt.nl\/?attachment_id=246'><img loading=\"lazy\" decoding=\"async\" width=\"150\" height=\"150\" src=\"https:\/\/www.bartkiekt.nl\/wp-content\/uploads\/2014\/05\/60-Vlindertuin_007-150x150.jpg\" class=\"attachment-thumbnail size-thumbnail\" alt=\"\" sizes=\"auto, 100vw\" \/><\/a>\n\t\t\t<\/div><\/figure><figure class='gallery-item'>\n\t\t\t<div class='gallery-icon landscape'>\n\t\t\t\t<a href='https:\/\/www.bartkiekt.nl\/?attachment_id=247'><img loading=\"lazy\" decoding=\"async\" width=\"150\" height=\"150\" src=\"https:\/\/www.bartkiekt.nl\/wp-content\/uploads\/2014\/05\/61-Vlindertuin_114-150x150.jpg\" class=\"attachment-thumbnail size-thumbnail\" alt=\"\" srcset=\"https:\/\/www.bartkiekt.nl\/wp-content\/uploads\/2014\/05\/61-Vlindertuin_114-150x150.jpg 150w, https:\/\/www.bartkiekt.nl\/wp-content\/uploads\/2014\/05\/61-Vlindertuin_114-300x300.jpg 300w, https:\/\/www.bartkiekt.nl\/wp-content\/uploads\/2014\/05\/61-Vlindertuin_114.jpg 1024w\" sizes=\"auto, 100vw\" \/><\/a>\n\t\t\t<\/div><\/figure><figure class='gallery-item'>\n\t\t\t<div class='gallery-icon landscape'>\n\t\t\t\t<a href='https:\/\/www.bartkiekt.nl\/?attachment_id=248'><img loading=\"lazy\" decoding=\"async\" width=\"150\" height=\"150\" src=\"https:\/\/www.bartkiekt.nl\/wp-content\/uploads\/2014\/05\/62-Vlindertuin_092-150x150.jpg\" class=\"attachment-thumbnail size-thumbnail\" alt=\"\" sizes=\"auto, 100vw\" \/><\/a>\n\t\t\t<\/div><\/figure><figure class='gallery-item'>\n\t\t\t<div class='gallery-icon landscape'>\n\t\t\t\t<a href='https:\/\/www.bartkiekt.nl\/?attachment_id=249'><img loading=\"lazy\" decoding=\"async\" width=\"150\" height=\"150\" src=\"https:\/\/www.bartkiekt.nl\/wp-content\/uploads\/2014\/05\/63-Vlindertuin_106-150x150.jpg\" class=\"attachment-thumbnail size-thumbnail\" alt=\"\" srcset=\"https:\/\/www.bartkiekt.nl\/wp-content\/uploads\/2014\/05\/63-Vlindertuin_106-150x150.jpg 150w, https:\/\/www.bartkiekt.nl\/wp-content\/uploads\/2014\/05\/63-Vlindertuin_106-300x300.jpg 300w, https:\/\/www.bartkiekt.nl\/wp-content\/uploads\/2014\/05\/63-Vlindertuin_106.jpg 1024w\" sizes=\"auto, 100vw\" \/><\/a>\n\t\t\t<\/div><\/figure>\n\t\t<\/div>\n\n","protected":false},"excerpt":{"rendered":"<p>Orchidee\u00ebn Hoeve (Luttelgeest) Bart is met een aantal andere leden van de fotoclub naar de Orchidee\u00ebn Hoeve (vergeef ons de &#8216;engelse ziekte&#8217;, ze hebben de bedrijfsnaam m\u00e9t overbodige spatie zo vastgelegd) in Luttelgeest gegaan. Er is natuurlijk de enorme orchidee\u00ebnkwekerij, maar er zijn ook ruimten waar jungles nagebootst waar prachtige vlinders rondvliegen, koi gulzig op &hellip; <\/p>\n<p class=\"link-more\"><a href=\"https:\/\/www.bartkiekt.nl\/?page_id=78\" class=\"more-link\">Lees verder <span class=\"screen-reader-text\">&#8220;Vlinders en Orchidee\u00ebn&#8221;<\/span><\/a><\/p>\n","protected":false},"author":1,"featured_media":0,"parent":6,"menu_order":290,"comment_status":"closed","ping_status":"closed","template":"","meta":{"ngg_post_thumbnail":0,"footnotes":""},"class_list":["post-78","page","type-page","status-publish","hentry"],"_links":{"self":[{"href":"https:\/\/www.bartkiekt.nl\/index.php?rest_route=\/wp\/v2\/pages\/78","targetHints":{"allow":["GET"]}}],"collection":[{"href":"https:\/\/www.bartkiekt.nl\/index.php?rest_route=\/wp\/v2\/pages"}],"about":[{"href":"https:\/\/www.bartkiekt.nl\/index.php?rest_route=\/wp\/v2\/types\/page"}],"author":[{"embeddable":true,"href":"https:\/\/www.bartkiekt.nl\/index.php?rest_route=\/wp\/v2\/users\/1"}],"replies":[{"embeddable":true,"href":"https:\/\/www.bartkiekt.nl\/index.php?rest_route=%2Fwp%2Fv2%2Fcomments&post=78"}],"version-history":[{"count":14,"href":"https:\/\/www.bartkiekt.nl\/index.php?rest_route=\/wp\/v2\/pages\/78\/revisions"}],"predecessor-version":[{"id":272,"href":"https:\/\/www.bartkiekt.nl\/index.php?rest_route=\/wp\/v2\/pages\/78\/revisions\/272"}],"up":[{"embeddable":true,"href":"https:\/\/www.bartkiekt.nl\/index.php?rest_route=\/wp\/v2\/pages\/6"}],"wp:attachment":[{"href":"https:\/\/www.bartkiekt.nl\/index.php?rest_route=%2Fwp%2Fv2%2Fmedia&parent=78"}],"curies":[{"name":"wp","href":"https:\/\/api.w.org\/{rel}","templated":true}]}}